{"id":4152,"date":"2024-10-10T12:21:08","date_gmt":"2024-10-10T10:21:08","guid":{"rendered":"https:\/\/www.0049vip.com\/?page_id=4152"},"modified":"2024-11-26T10:07:50","modified_gmt":"2024-11-26T09:07:50","slug":"impressum","status":"publish","type":"page","link":"https:\/\/www.0049vip.com\/zh\/impressum\/","title":{"rendered":"Impressum"},"content":{"rendered":"<div class=\"sc-g9f7f7-0 sc-g9f7f7-1 huzLMO fwrYiE\">\n<div class=\"sc-gfflre-0 sc-gfflre-1 eWXLAG khanxu sc-clr0pn-0 kNYlxh\">\n<div class=\"sc-1dpiq8s-2 fVhxlh\">\n<h3 class=\"sc-1609ze3-0 jROXMK sc-1dpiq8s-0 jwcSPD\">Name und Anschrift<\/h3>\n<p>MWM Mietwagen und Reisen Service GmbH<\/p>\n<p>Graeffstr.5<\/p>\n<p>D-50823 K\u00f6ln<\/p>\n<h3 class=\"sc-1609ze3-0 jROXMK sc-1dpiq8s-0 jwcSPD\">Kontakt<\/h3>\n<p>Telefon: +49 221\u00a0 \/ 789 00 126<\/p>\n<p>Telefax:<\/p>\n<p>E-Mail: info@0049vip.de<\/p>\n<h3 class=\"sc-1609ze3-0 jROXMK sc-1dpiq8s-0 jwcSPD\">Handelsregister beim Amtsgericht K\u00f6ln<\/h3>\n<p>HRB 106 890<\/p>\n<h3 class=\"sc-1609ze3-0 jROXMK sc-1dpiq8s-0 jwcSPD\">Umsatzsteueridentifikationsnummer<\/h3>\n<p>DE348 305 987<\/p>\n<\/div>\n<\/div>\n<div class=\"sc-gfflre-0 sc-gfflre-1 eWXLAG khanxu sc-clr0pn-0 kNYlxh\">\n<div class=\"sc-1dpiq8s-2 fVhxlh\">\n<h3 class=\"sc-1609ze3-0 jROXMK sc-1dpiq8s-0 jwcSPD\">Gesch\u00e4ftsf\u00fchrer der pers\u00f6nlich haftenden Gesellschafter<\/h3>\n<p>Pengcheng Guo<\/p>\n<p>&nbsp;<\/p>\n<\/div>\n<\/div>\n<\/div>\n<div class=\"sc-1dpiq8s-2 fVhxlh\">\n<h3 class=\"sc-1609ze3-0 jROXMK sc-1dpiq8s-0 jwcSPD\">Gesetz \u00fcber digitale Dienste<\/h3>\n<p>Bei allen weiteren Anliegen wenden Sie sich an info@0049vip.de<\/p>\n<h3 class=\"sc-1609ze3-0 jROXMK sc-1dpiq8s-0 jwcSPD\">INTEGRIT\u00c4TSSYSTEM<\/h3>\n<p>Wir legen gro\u00dfen Wert darauf, eine Kultur der Transparenz und des offenen Wortes zu f\u00f6rdern.<\/p>\n<\/div>","protected":false},"excerpt":{"rendered":"<p>Name und Anschrift MWM Mietwagen und Reisen Service GmbH Graeffstr.5 D-50823 K\u00f6ln Kontakt Telefon: +49 221\u00a0 \/ 789 00 126 Telefax: E-Mail: info@0049vip.de Handelsregister beim Amtsgericht K\u00f6ln HRB 106 890 Umsatzsteueridentifikationsnummer DE348 305 987 Gesch\u00e4ftsf\u00fchrer der pers\u00f6nlich haftenden Gesellschafter Pengcheng [&hellip;]<\/p>\n","protected":false},"author":1,"featured_media":0,"parent":0,"menu_order":0,"comment_status":"closed","ping_status":"closed","template":"","meta":{"footnotes":""},"class_list":["post-4152","page","type-page","status-publish","hentry"],"_links":{"self":[{"href":"https:\/\/www.0049vip.com\/zh\/wp-json\/wp\/v2\/pages\/4152","targetHints":{"allow":["GET"]}}],"collection":[{"href":"https:\/\/www.0049vip.com\/zh\/wp-json\/wp\/v2\/pages"}],"about":[{"href":"https:\/\/www.0049vip.com\/zh\/wp-json\/wp\/v2\/types\/page"}],"author":[{"embeddable":true,"href":"https:\/\/www.0049vip.com\/zh\/wp-json\/wp\/v2\/users\/1"}],"replies":[{"embeddable":true,"href":"https:\/\/www.0049vip.com\/zh\/wp-json\/wp\/v2\/comments?post=4152"}],"version-history":[{"count":3,"href":"https:\/\/www.0049vip.com\/zh\/wp-json\/wp\/v2\/pages\/4152\/revisions"}],"predecessor-version":[{"id":4196,"href":"https:\/\/www.0049vip.com\/zh\/wp-json\/wp\/v2\/pages\/4152\/revisions\/4196"}],"wp:attachment":[{"href":"https:\/\/www.0049vip.com\/zh\/wp-json\/wp\/v2\/media?parent=4152"}],"curies":[{"name":"wp","href":"https:\/\/api.w.org\/{rel}","templated":true}]}}