{"id":2633,"date":"2017-01-24T09:05:32","date_gmt":"2017-01-24T09:05:32","guid":{"rendered":"https:\/\/grandcarrentalv1.themegoods.com\/?page_id=2633"},"modified":"2024-02-16T23:18:27","modified_gmt":"2024-02-16T22:18:27","slug":"contact-us","status":"publish","type":"page","link":"https:\/\/www.0049vip.com\/zh\/contact-us\/","title":{"rendered":"Kontaktieren Sie uns"},"content":{"rendered":"<div class=\"one withsmallpadding ppb_text\" style=\"text-align: center; padding: 0px 0 0px 0; margin-top: 20px;\">\n<div class=\"standard_wrapper\">\n<div class=\"page_content_wrapper\">\n<div class=\"inner\">\n<div style=\"margin: auto; width: 80%;\">\n<p>Sie m\u00f6chten wissen, was unser Fahrdienst kostet? F\u00fcllen Sie einfach dieses Formular aus und erhalten in k\u00fcrzester Zeit unser unverbindliches Angebot per E-Mail \u2013 oder rufen Sie uns direkt an!<\/p>\n<div style=\"margin-top: 30px;\">\n<div class=\"social_wrapper shortcode dark\">\n<ul>\n<li class=\"facebook\"><\/li>\n<\/ul>\n<\/div>\n<\/div>\n<\/div>\n<\/div>\n<\/div>\n<\/div>\n<\/div>\n<div class=\"one withsmallpadding ppb_text\" style=\"text-align: left; padding: 0px 0 0px 0; margin-bottom: 60px;\">\n<div class=\"standard_wrapper\">\n<div class=\"page_content_wrapper\">\n<div class=\"inner\">\n<div style=\"margin: auto; width: 60%;\">\n<div id=\"wpcf7-f2465-o1\" class=\"wpcf7 no-js\" dir=\"ltr\" lang=\"en-US\">\n<div class=\"screen-reader-response\">\n<p role=\"status\" aria-live=\"polite\" aria-atomic=\"true\">\n<\/div>\n<form class=\"wpcf7-form init\" action=\"\/wp-admin\/post.php#wpcf7-f2465-o1\" method=\"post\" novalidate=\"novalidate\" aria-label=\"Kontaktformular\" data-status=\"init\" data-trp-original-action=\"\/wp-admin\/post.php#wpcf7-f2465-o1\">\n<div style=\"display: none;\"><input name=\"_wpcf7\" type=\"hidden\" value=\"2465\" \/><br \/>\n<input name=\"_wpcf7_version\" type=\"hidden\" value=\"5.8.7\" \/><br \/>\n<input name=\"_wpcf7_locale\" type=\"hidden\" value=\"en_US\" \/><br \/>\n<input name=\"_wpcf7_unit_tag\" type=\"hidden\" value=\"wpcf7-f2465-o1\" \/><br \/>\n<input name=\"_wpcf7_container_post\" type=\"hidden\" value=\"0\" \/><br \/>\n<input name=\"_wpcf7_posted_data_hash\" type=\"hidden\" value=\"\" \/><\/div>\n<p><label> Ihr Name*<br \/>\n<span class=\"wpcf7-form-control-wrap\" data-name=\"your-name\"><input class=\"wpcf7-form-control wpcf7-text wpcf7-validates-as-required\" name=\"your-name\" size=\"40\" type=\"text\" value=\"\" aria-required=\"true\" aria-invalid=\"false\" \/><\/span> <\/label><\/p>\n<p><label> Ihr Email*<br \/>\n<span class=\"wpcf7-form-control-wrap\" data-name=\"your-email\"><input class=\"wpcf7-form-control wpcf7-email wpcf7-validates-as-required wpcf7-text wpcf7-validates-as-email\" name=\"your-email\" size=\"40\" type=\"email\" value=\"\" aria-required=\"true\" aria-invalid=\"false\" \/><\/span> <\/label><\/p>\n<p><label> Betreff<br \/>\n<span class=\"wpcf7-form-control-wrap\" data-name=\"your-subject\"><input class=\"wpcf7-form-control wpcf7-text\" name=\"your-subject\" size=\"40\" type=\"text\" value=\"\" aria-invalid=\"false\" \/><\/span> <\/label><\/p>\n<p><label> Die Nachricht<br \/>\n<span class=\"wpcf7-form-control-wrap\" data-name=\"your-message\"><textarea class=\"wpcf7-form-control wpcf7-textarea\" cols=\"40\" name=\"your-message\" rows=\"10\" aria-invalid=\"false\"><\/textarea><\/span> <\/label><\/p>\n<p><input class=\"wpcf7-form-control wpcf7-submit has-spinner\" type=\"submit\" value=\"Send\" \/><\/p>\n<div class=\"wpcf7-response-output\" aria-hidden=\"true\"><\/div>\n<input type=\"hidden\" name=\"trp-form-language\" value=\"zh\"\/><\/form>\n<\/div>\n<\/div>\n<\/div>\n<\/div>\n<\/div>\n<\/div>\n<div class=\"one_half_bg withsmallpadding ppb_text_image withbg parallax\" style=\"font-size: 18px; background-image: url('https:\/\/www.0049vip.com\/wp-content\/uploads\/2024\/02\/Koeln-Rhein.jpg'); background-position: center center; text-align: center; padding: 100px 0 100px 0; color: #ffffff !important;\">\n<div class=\"overlay_background\" style=\"background: rgba(0,0,0,0.5);\"><\/div>\n<div class=\"page_content_wrapper\">\n<div class=\"inner\">\n<div style=\"margin: auto; width: 100%;\">\n<h1><strong>K\u00f6ln<\/strong><\/h1>\n<p>Graeffstr.5<\/p>\n<p>50823<\/p>\n<p>K\u00f6ln<\/p>\n<\/div>\n<\/div>\n<\/div>\n<\/div>\n<div class=\"one_half_bg last withsmallpadding ppb_text_image withbg parallax\" style=\"font-size: 18px; background-image: url('https:\/\/www.0049vip.com\/wp-content\/uploads\/2024\/02\/Koeln-City-scaled.jpg'); background-position: center center; text-align: center; padding: 100px 0 100px 0; color: #ffffff !important;\">\n<div class=\"overlay_background\" style=\"background: rgba(0,0,0,0.5);\"><\/div>\n<div class=\"page_content_wrapper\">\n<div class=\"inner\">\n<div style=\"margin: auto; width: 100%;\"><\/div>\n<\/div>\n<\/div>\n<\/div>","protected":false},"excerpt":{"rendered":"<p>Sie m\u00f6chten wissen, was unser Fahrdienst kostet? F\u00fcllen Sie einfach dieses Formular aus und erhalten in k\u00fcrzester Zeit unser unverbindliches Angebot per E-Mail \u2013 oder rufen Sie uns direkt an! Ihr Name* Ihr Email* Betreff Die Nachricht K\u00f6ln Graeffstr.5 50823 [&hellip;]<\/p>\n","protected":false},"author":1,"featured_media":262,"parent":0,"menu_order":0,"comment_status":"closed","ping_status":"closed","template":"","meta":{"footnotes":""},"class_list":["post-2633","page","type-page","status-publish","has-post-thumbnail","hentry"],"_links":{"self":[{"href":"https:\/\/www.0049vip.com\/zh\/wp-json\/wp\/v2\/pages\/2633","targetHints":{"allow":["GET"]}}],"collection":[{"href":"https:\/\/www.0049vip.com\/zh\/wp-json\/wp\/v2\/pages"}],"about":[{"href":"https:\/\/www.0049vip.com\/zh\/wp-json\/wp\/v2\/types\/page"}],"author":[{"embeddable":true,"href":"https:\/\/www.0049vip.com\/zh\/wp-json\/wp\/v2\/users\/1"}],"replies":[{"embeddable":true,"href":"https:\/\/www.0049vip.com\/zh\/wp-json\/wp\/v2\/comments?post=2633"}],"version-history":[{"count":12,"href":"https:\/\/www.0049vip.com\/zh\/wp-json\/wp\/v2\/pages\/2633\/revisions"}],"predecessor-version":[{"id":4000,"href":"https:\/\/www.0049vip.com\/zh\/wp-json\/wp\/v2\/pages\/2633\/revisions\/4000"}],"wp:featuredmedia":[{"embeddable":true,"href":"https:\/\/www.0049vip.com\/zh\/wp-json\/wp\/v2\/media\/262"}],"wp:attachment":[{"href":"https:\/\/www.0049vip.com\/zh\/wp-json\/wp\/v2\/media?parent=2633"}],"curies":[{"name":"wp","href":"https:\/\/api.w.org\/{rel}","templated":true}]}}